{"id":97,"date":"2019-02-06T22:14:12","date_gmt":"2019-02-06T22:14:12","guid":{"rendered":"https:\/\/unnurottarsdottir.art\/?page_id=97"},"modified":"2019-06-02T22:15:30","modified_gmt":"2019-06-02T22:15:30","slug":"a-year-in-the-art-world","status":"publish","type":"page","link":"https:\/\/unnurottarsdottir.art\/en\/a-year-in-the-art-world\/","title":{"rendered":"A year in the art world"},"content":{"rendered":"\n<figure class=\"wp-block-image\"><img loading=\"lazy\" decoding=\"async\" width=\"1024\" height=\"678\" src=\"https:\/\/unnurottarsdottir.art\/wp-content\/uploads\/2019\/02\/IMG6335-1024x678.jpg\" alt=\"\" class=\"wp-image-123\" srcset=\"https:\/\/unnurottarsdottir.art\/wp-content\/uploads\/2019\/02\/IMG6335-1024x678.jpg 1024w, https:\/\/unnurottarsdottir.art\/wp-content\/uploads\/2019\/02\/IMG6335-300x199.jpg 300w, https:\/\/unnurottarsdottir.art\/wp-content\/uploads\/2019\/02\/IMG6335-768x508.jpg 768w, https:\/\/unnurottarsdottir.art\/wp-content\/uploads\/2019\/02\/IMG6335.jpg 1200w\" sizes=\"auto, (max-width: 1024px) 100vw, 1024px\" \/><\/figure>\n\n\n\n<figure class=\"wp-block-image\"><img loading=\"lazy\" decoding=\"async\" width=\"1024\" height=\"683\" src=\"https:\/\/unnurottarsdottir.art\/wp-content\/uploads\/2019\/02\/IMG6283-1024x683.jpg\" alt=\"\" class=\"wp-image-129\" srcset=\"https:\/\/unnurottarsdottir.art\/wp-content\/uploads\/2019\/02\/IMG6283-1024x683.jpg 1024w, https:\/\/unnurottarsdottir.art\/wp-content\/uploads\/2019\/02\/IMG6283-300x200.jpg 300w, https:\/\/unnurottarsdottir.art\/wp-content\/uploads\/2019\/02\/IMG6283-768x512.jpg 768w, https:\/\/unnurottarsdottir.art\/wp-content\/uploads\/2019\/02\/IMG6283.jpg 1200w\" sizes=\"auto, (max-width: 1024px) 100vw, 1024px\" \/><\/figure>\n\n\n\n<figure class=\"wp-block-image\"><img loading=\"lazy\" decoding=\"async\" width=\"1200\" height=\"1638\" src=\"https:\/\/unnurottarsdottir.art\/wp-content\/uploads\/2019\/02\/IMG6334.jpg\" alt=\"\" class=\"wp-image-125\" srcset=\"https:\/\/unnurottarsdottir.art\/wp-content\/uploads\/2019\/02\/IMG6334.jpg 1200w, https:\/\/unnurottarsdottir.art\/wp-content\/uploads\/2019\/02\/IMG6334-220x300.jpg 220w, https:\/\/unnurottarsdottir.art\/wp-content\/uploads\/2019\/02\/IMG6334-768x1048.jpg 768w, https:\/\/unnurottarsdottir.art\/wp-content\/uploads\/2019\/02\/IMG6334-750x1024.jpg 750w\" sizes=\"auto, (max-width: 1200px) 100vw, 1200px\" \/><\/figure>\n\n\n\n<figure class=\"wp-block-image\"><img loading=\"lazy\" decoding=\"async\" width=\"1024\" height=\"683\" src=\"https:\/\/unnurottarsdottir.art\/wp-content\/uploads\/2019\/02\/IMG6323-1024x683.jpg\" alt=\"\" class=\"wp-image-127\" srcset=\"https:\/\/unnurottarsdottir.art\/wp-content\/uploads\/2019\/02\/IMG6323-1024x683.jpg 1024w, https:\/\/unnurottarsdottir.art\/wp-content\/uploads\/2019\/02\/IMG6323-300x200.jpg 300w, https:\/\/unnurottarsdottir.art\/wp-content\/uploads\/2019\/02\/IMG6323-768x512.jpg 768w, https:\/\/unnurottarsdottir.art\/wp-content\/uploads\/2019\/02\/IMG6323.jpg 1200w\" sizes=\"auto, (max-width: 1024px) 100vw, 1024px\" \/><\/figure>\n\n\n\n<figure class=\"wp-block-image\"><img loading=\"lazy\" decoding=\"async\" width=\"1024\" height=\"683\" src=\"https:\/\/unnurottarsdottir.art\/wp-content\/uploads\/2019\/02\/IMG6343-1024x683.jpg\" alt=\"\" class=\"wp-image-119\" srcset=\"https:\/\/unnurottarsdottir.art\/wp-content\/uploads\/2019\/02\/IMG6343-1024x683.jpg 1024w, https:\/\/unnurottarsdottir.art\/wp-content\/uploads\/2019\/02\/IMG6343-300x200.jpg 300w, https:\/\/unnurottarsdottir.art\/wp-content\/uploads\/2019\/02\/IMG6343-768x512.jpg 768w, https:\/\/unnurottarsdottir.art\/wp-content\/uploads\/2019\/02\/IMG6343.jpg 1200w\" sizes=\"auto, (max-width: 1024px) 100vw, 1024px\" \/><\/figure>\n\n\n\n<figure class=\"wp-block-image\"><img loading=\"lazy\" decoding=\"async\" width=\"1024\" height=\"683\" src=\"https:\/\/unnurottarsdottir.art\/wp-content\/uploads\/2019\/02\/IMG6275-1024x683.jpg\" alt=\"\" class=\"wp-image-131\" srcset=\"https:\/\/unnurottarsdottir.art\/wp-content\/uploads\/2019\/02\/IMG6275-1024x683.jpg 1024w, https:\/\/unnurottarsdottir.art\/wp-content\/uploads\/2019\/02\/IMG6275-300x200.jpg 300w, https:\/\/unnurottarsdottir.art\/wp-content\/uploads\/2019\/02\/IMG6275-768x512.jpg 768w, https:\/\/unnurottarsdottir.art\/wp-content\/uploads\/2019\/02\/IMG6275.jpg 1200w\" sizes=\"auto, (max-width: 1024px) 100vw, 1024px\" \/><\/figure>\n\n\n\n<figure class=\"wp-block-image\"><img loading=\"lazy\" decoding=\"async\" width=\"1024\" height=\"683\" src=\"https:\/\/unnurottarsdottir.art\/wp-content\/uploads\/2019\/02\/IMG6274-1024x683.jpg\" alt=\"\" class=\"wp-image-133\" srcset=\"https:\/\/unnurottarsdottir.art\/wp-content\/uploads\/2019\/02\/IMG6274-1024x683.jpg 1024w, https:\/\/unnurottarsdottir.art\/wp-content\/uploads\/2019\/02\/IMG6274-300x200.jpg 300w, https:\/\/unnurottarsdottir.art\/wp-content\/uploads\/2019\/02\/IMG6274-768x512.jpg 768w, https:\/\/unnurottarsdottir.art\/wp-content\/uploads\/2019\/02\/IMG6274.jpg 1200w\" sizes=\"auto, (max-width: 1024px) 100vw, 1024px\" \/><\/figure>\n\n\n\n<figure class=\"wp-block-image\"><img loading=\"lazy\" decoding=\"async\" width=\"1024\" height=\"684\" src=\"https:\/\/unnurottarsdottir.art\/wp-content\/uploads\/2019\/02\/IMG6339a-1024x684.jpg\" alt=\"\" class=\"wp-image-121\" srcset=\"https:\/\/unnurottarsdottir.art\/wp-content\/uploads\/2019\/02\/IMG6339a-1024x684.jpg 1024w, https:\/\/unnurottarsdottir.art\/wp-content\/uploads\/2019\/02\/IMG6339a-300x200.jpg 300w, https:\/\/unnurottarsdottir.art\/wp-content\/uploads\/2019\/02\/IMG6339a-768x513.jpg 768w, https:\/\/unnurottarsdottir.art\/wp-content\/uploads\/2019\/02\/IMG6339a.jpg 1200w\" sizes=\"auto, (max-width: 1024px) 100vw, 1024px\" \/><\/figure>\n\n\n<p>The artists R\u00e1n J\u00f3nsd\u00f3ttir and Unnur \u00d3ttarsd\u00f3ttir exhibit paintings and photographs at the exhibition A year in the art world. The paintings and photographs exhibited are based on their travels through the Icelandic art scene, where they were mirrored by each other as well as other contemporary artists. The artists made the works collaboratively.<\/p>\n<p>Four paintings is not a large number of works for an art exhibition. Indeed, the artists are still deciding whether there will only be three. It is not so much that the works are not yet finished, as that they are still emerging, not just physically but conceptually. And the works themselves have this emergent quality too. In the previous century one might have talked about &#8220;becoming&#8221; &#8211; about a kind of ambivalent emergence in which the identity of something is constructed at the same time as it is physically made. What is the identity of these works, and what do they tell us about the artists&#8217; relationship to their surroundings?<\/p>\n<p>Each of these paintings depicts an icon from the world of Icelandic art. Treated chronologically, the starting point is Stef\u00e1nsson&#8217;s &#8220;Sumarn\u00f3tt, L\u00f3mar vi\u00f0 \u00dej\u00f3rs\u00e1&#8221; from 1929 &#8211; painted before Iceland was an independent nation, an eerie landscape populated by two Protean birds. Empty. A blank canvas with only some Nature written on it. Then we have three works featuring the Icelanders. They have not exactly arrived, but seem to be in the process of arriving, of settling down, of finding their topic. Two icons of Icelandic art production, Magnus P\u00e1lsson, and Kristj\u00e1n Gu\u0111mundsson, both of whom have represented Iceland at the Venice Biennale, embody the process the whole world was going through in the second half of the 20th century: a desperate struggle to find a new identity in which the old nationalistic boundaries had been redrawn. A process all the more pressing for the Icelanders who had to over-paint their identity on the empty canvas supplied by Stef\u00e1nsson. And so the heroes of Icelandic conceptual art are in some way embodying the sense in which contemporary artists such as Unnur \u00d3ttarsd\u00f3ttir and R\u00e1n J\u00f3nsd\u00f3ttir have to find their identity &#8211; in a world of representation and misrepresentation, of media images, photography, and art in which concepts perhaps feature more strongly than images.<\/p>\n<p>From Kristj\u00e1n&#8217;s postcards, &#8220;Tourist poem&#8221; from 2015 about a strange and apparently unvisited land to Stef\u00e1nsson&#8217;s landscape devoid of people &#8211; the present exhibition invites us to think what it is to be an Icelander. It is an identity that is laid over a place that has a strong identity, albeit empty and blank as those unwritten postcards or a Summer Night. These four, or is it three, paintings reveal how many layers of reference and identity-building there are in any artistic production in the 21st-century, but perhaps more than most in the production from that emergent place that is contemporary Iceland.<\/p>\n<p>Michael Biggs professor of aesthetics<\/p>","protected":false},"excerpt":{"rendered":"<p>The artists R\u00e1n J\u00f3nsd\u00f3ttir and Unnur \u00d3ttarsd\u00f3ttir exhibit paintings and photographs at the exhibition A year in the art world. The paintings and photographs exhibited are based on their travels through the Icelandic art scene, where they were mirrored by each other as well as other contemporary artists. The artists made the works collaboratively. Four [&hellip;]<\/p>\n","protected":false},"author":1,"featured_media":0,"parent":0,"menu_order":0,"comment_status":"closed","ping_status":"closed","template":"templates\/text.php","meta":{"footnotes":""},"categories":[19],"tags":[],"class_list":["post-97","page","type-page","status-publish","hentry","category-paintings","cat-19-id"],"_links":{"self":[{"href":"https:\/\/unnurottarsdottir.art\/en\/wp-json\/wp\/v2\/pages\/97","targetHints":{"allow":["GET"]}}],"collection":[{"href":"https:\/\/unnurottarsdottir.art\/en\/wp-json\/wp\/v2\/pages"}],"about":[{"href":"https:\/\/unnurottarsdottir.art\/en\/wp-json\/wp\/v2\/types\/page"}],"author":[{"embeddable":true,"href":"https:\/\/unnurottarsdottir.art\/en\/wp-json\/wp\/v2\/users\/1"}],"replies":[{"embeddable":true,"href":"https:\/\/unnurottarsdottir.art\/en\/wp-json\/wp\/v2\/comments?post=97"}],"version-history":[{"count":6,"href":"https:\/\/unnurottarsdottir.art\/en\/wp-json\/wp\/v2\/pages\/97\/revisions"}],"predecessor-version":[{"id":174,"href":"https:\/\/unnurottarsdottir.art\/en\/wp-json\/wp\/v2\/pages\/97\/revisions\/174"}],"wp:attachment":[{"href":"https:\/\/unnurottarsdottir.art\/en\/wp-json\/wp\/v2\/media?parent=97"}],"wp:term":[{"taxonomy":"category","embeddable":true,"href":"https:\/\/unnurottarsdottir.art\/en\/wp-json\/wp\/v2\/categories?post=97"},{"taxonomy":"post_tag","embeddable":true,"href":"https:\/\/unnurottarsdottir.art\/en\/wp-json\/wp\/v2\/tags?post=97"}],"curies":[{"name":"wp","href":"https:\/\/api.w.org\/{rel}","templated":true}]}}